{"id":48,"date":"2026-04-24T17:52:41","date_gmt":"2026-04-25T08:48:20","guid":{"rendered":"http:\/\/hvacwiki.pl\/?page_id=48"},"modified":"2026-04-25T20:55:58","modified_gmt":"2026-04-25T18:55:58","slug":"4-2-normy-i-klasy-czystosci","status":"publish","type":"page","link":"https:\/\/hvacwiki.pl\/?page_id=48","title":{"rendered":"4.2.Normy i klasy czysto\u015bci"},"content":{"rendered":"\n<p>Przed wprowadzeniem normy <strong>ISO 14644-1<\/strong> w <strong>1999 roku<\/strong>, w Europie stosowano r\u00f3\u017cne standardy dotycz\u0105ce czysto\u015bci powietrza w pomieszczeniach czystych, zale\u017cnie od kraju i bran\u017cy. Najbardziej rozpowszechnione by\u0142y:<\/p>\n\n\n<p><!-- \/wp:post-content --><\/p>\n<p><!-- wp:paragraph --><\/p>\n<p>Norma ISO 14644-1 wprowadzi\u0142a wsp\u00f3ln\u0105, mi\u0119dzynarodow\u0105 podstaw\u0119 klasyfikacji czysto\u015bci powietrza i zast\u0105pi\u0142a wiele z tych wcze\u015bniejszych standard\u00f3w. W Europie norma ta sta\u0142a si\u0119 dominuj\u0105ca od pocz\u0105tku lat 2000.<\/p>\n<p>\u00a0<\/p>\n<p><!-- \/wp:paragraph --><\/p>\n<p><!-- wp:paragraph --><\/p>\n<p><!-- \/wp:paragraph --><\/p>\n<p><!-- wp:paragraph --><\/p>\n<p><!-- \/wp:paragraph --><\/p>\n<p><!-- wp:paragraph --><\/p>\n<p><!-- \/wp:paragraph --><\/p>\n<p><!-- wp:paragraph --><\/p>\n<p>Norma Federal Standard 209E (FED-STD-209E), okre\u015blaj\u0105ca klasy czysto\u015bci powietrza w pomieszczeniach czystych, zosta\u0142a oficjalnie wycofana 29 listopada 2001 roku przez General Services Administration (GSA) Stan\u00f3w Zjednoczonych. Zosta\u0142a zast\u0105piona przez mi\u0119dzynarodowe standardy ISO 14644-1 i ISO 14644-2, kt\u00f3re obecnie s\u0105 powszechnie stosowane do klasyfikacji i monitorowania czysto\u015bci powietrza w pomieszczeniach czystych.<\/p>\n<p><!-- \/wp:paragraph --><\/p>\n<p><!-- wp:paragraph --><\/p>\n<p>Mimo \u017ce FED-STD-209E nie jest ju\u017c oficjalnie obowi\u0105zuj\u0105c\u0105 norm\u0105, jej klasyfikacje s\u0105 nadal u\u017cywane w niekt\u00f3rych bran\u017cach jako punkt odniesienia. Jednak\u017ce, dla zapewnienia zgodno\u015bci z aktualnymi mi\u0119dzynarodowymi standardami, zaleca si\u0119 stosowanie norm ISO 14644-1 i ISO 14644-2.<\/p>\n<p><!-- \/wp:paragraph --><\/p>\n<p><!-- wp:paragraph --><\/p>\n<p>W Polsce, przed wprowadzeniem norm europejskich, norma FED-STD-209E by\u0142a cz\u0119sto stosowana jako standard dla pomieszcze\u0144 czystych. Obecnie jednak obowi\u0105zuj\u0105 normy ISO, kt\u00f3re s\u0105 zgodne z mi\u0119dzynarodowymi standardami.<\/p>\n<p><!-- \/wp:paragraph --><\/p>\n<p><!-- wp:paragraph --><\/p>\n<p>W Stanach Zjednoczonych obecnie obowi\u0105zuj\u0105cym standardem dotycz\u0105cym pomieszcze\u0144 czystych s\u0105 normy <strong>ISO 14644<\/strong>, kt\u00f3re zast\u0105pi\u0142y wycofan\u0105 norm\u0119 <strong>FED-STD-209E<\/strong>. Te normy zosta\u0142y opracowane przez Mi\u0119dzynarodow\u0105 Organizacj\u0119 Normalizacyjn\u0105 (ISO) i s\u0105 przyj\u0119te globalnie, w tym w USA.<\/p>\n<p><!-- \/wp:paragraph --><\/p>\n<p><!-- wp:paragraph --><\/p>\n<p><strong>Kluczowe normy ISO dla pomieszcze\u0144 czystych:<\/strong><\/p>\n<p><!-- \/wp:paragraph --><\/p>\n<p><!-- wp:list {\"ordered\":true,\"start\":1} --><\/p>\n<ol class=\"wp-block-list\" start=\"1\">\n<li style=\"list-style-type: none;\">\n<ol class=\"wp-block-list\" start=\"1\"><!-- wp:list-item -->\n<li><strong>ISO 14644-1<\/strong> \u2013 Klasyfikacja czysto\u015bci powietrza na podstawie st\u0119\u017cenia cz\u0105stek.<\/li>\n<\/ol>\n<\/li>\n<\/ol>\n<p><!-- \/wp:list-item --><\/p>\n<p><!-- wp:list-item --><\/p>\n<ol class=\"wp-block-list\" start=\"1\">\n<li style=\"list-style-type: none;\">\n<ol class=\"wp-block-list\" start=\"1\">\n<li><strong>ISO 14644-2<\/strong> \u2013 Monitorowanie czysto\u015bci powietrza i specyfikacja wymaganych test\u00f3w.<\/li>\n<\/ol>\n<\/li>\n<\/ol>\n<p><!-- \/wp:list-item --><\/p>\n<p><!-- wp:list-item --><\/p>\n<ol class=\"wp-block-list\" start=\"1\">\n<li style=\"list-style-type: none;\">\n<ol class=\"wp-block-list\" start=\"1\">\n<li><strong>ISO 14644-3<\/strong> \u2013 Metody bada\u0144, w tym testy szczelno\u015bci filtr\u00f3w, przep\u0142ywu powietrza, i inne procedury.<\/li>\n<\/ol>\n<\/li>\n<\/ol>\n<p><!-- \/wp:list-item --><\/p>\n<p><!-- wp:list-item --><\/p>\n<ol class=\"wp-block-list\" start=\"1\">\n<li style=\"list-style-type: none;\">\n<ol class=\"wp-block-list\" start=\"1\">\n<li><strong>ISO 14644-4<\/strong> \u2013 Projektowanie, budowa i uruchamianie pomieszcze\u0144 czystych.<\/li>\n<\/ol>\n<\/li>\n<\/ol>\n<p><!-- \/wp:list-item --><\/p>\n<p><!-- wp:list-item --><\/p>\n<ol class=\"wp-block-list\" start=\"1\">\n<li style=\"list-style-type: none;\">\n<ol class=\"wp-block-list\" start=\"1\">\n<li><strong>ISO 14644-5<\/strong> \u2013 Operacje w pomieszczeniach czystych.<\/li>\n<\/ol>\n<\/li>\n<\/ol>\n<p><!-- \/wp:list-item --><\/p>\n<p><!-- wp:list-item --><\/p>\n<ol class=\"wp-block-list\" start=\"1\">\n<li style=\"list-style-type: none;\">\n<ol class=\"wp-block-list\" start=\"1\">\n<li><strong>ISO 14644-6<\/strong> \u2013 Terminy i definicje zwi\u0105zane z pomieszczeniami czystymi.<\/li>\n<\/ol>\n<\/li>\n<\/ol>\n<p><!-- \/wp:list-item --><\/p>\n<p><!-- \/wp:list --><\/p>\n<p><!-- wp:paragraph --><\/p>\n<p><strong>Powi\u0105zania z normami ameryka\u0144skimi<\/strong><\/p>\n<p><!-- \/wp:paragraph --><\/p>\n<p><!-- wp:paragraph --><\/p>\n<p>Cho\u0107 ISO 14644 to normy mi\u0119dzynarodowe, w USA s\u0105 one w pe\u0142ni zintegrowane z praktykami przemys\u0142owymi. Normy te s\u0105 r\u00f3wnie\u017c akceptowane przez agencje regulacyjne, takie jak FDA (Food and Drug Administration) i EPA (Environmental Protection Agency).<\/p>\n\n<!-- wp:html -->\n<script async src=\"https:\/\/pagead2.googlesyndication.com\/pagead\/js\/adsbygoogle.js?client=ca-pub-5849493718209095\"\n     crossorigin=\"anonymous\"><\/script>\n<!-- Numer2 -->\n<ins class=\"adsbygoogle\"\n     style=\"display:inline-block;width:728px;height:90px\"\n     data-ad-client=\"ca-pub-5849493718209095\"\n     data-ad-slot=\"7060393672\"><\/ins>\n<script>\n     (adsbygoogle = window.adsbygoogle || []).push({});\n<\/script>\n<!-- \/wp:html -->","protected":false},"excerpt":{"rendered":"<p>Przed wprowadzeniem normy ISO 14644-1 w 1999 roku, w Europie stosowano r\u00f3\u017cne standardy dotycz\u0105ce czysto\u015bci powietrza w pomieszczeniach czystych, zale\u017cnie od kraju i bran\u017cy. Najbardziej rozpowszechnione by\u0142y: Norma ISO 14644-1 wprowadzi\u0142a wsp\u00f3ln\u0105, mi\u0119dzynarodow\u0105 podstaw\u0119 klasyfikacji czysto\u015bci powietrza i zast\u0105pi\u0142a wiele z tych wcze\u015bniejszych standard\u00f3w. W Europie norma ta sta\u0142a si\u0119 dominuj\u0105ca od pocz\u0105tku lat 2000. &#8230; <a title=\"4.2.Normy i klasy czysto\u015bci\" class=\"read-more\" href=\"https:\/\/hvacwiki.pl\/?page_id=48\" aria-label=\"Dowiedz si\u0119 wi\u0119cej o 4.2.Normy i klasy czysto\u015bci\">Dowiedz si\u0119 wi\u0119cej<\/a><\/p>\n","protected":false},"author":1,"featured_media":0,"parent":33,"menu_order":6,"comment_status":"closed","ping_status":"closed","template":"","meta":{"footnotes":""},"tnm_menu_group":[9],"class_list":["post-48","page","type-page","status-publish"],"_links":{"self":[{"href":"https:\/\/hvacwiki.pl\/index.php?rest_route=\/wp\/v2\/pages\/48","targetHints":{"allow":["GET"]}}],"collection":[{"href":"https:\/\/hvacwiki.pl\/index.php?rest_route=\/wp\/v2\/pages"}],"about":[{"href":"https:\/\/hvacwiki.pl\/index.php?rest_route=\/wp\/v2\/types\/page"}],"author":[{"embeddable":true,"href":"https:\/\/hvacwiki.pl\/index.php?rest_route=\/wp\/v2\/users\/1"}],"replies":[{"embeddable":true,"href":"https:\/\/hvacwiki.pl\/index.php?rest_route=%2Fwp%2Fv2%2Fcomments&post=48"}],"version-history":[{"count":11,"href":"https:\/\/hvacwiki.pl\/index.php?rest_route=\/wp\/v2\/pages\/48\/revisions"}],"predecessor-version":[{"id":74,"href":"https:\/\/hvacwiki.pl\/index.php?rest_route=\/wp\/v2\/pages\/48\/revisions\/74"}],"up":[{"embeddable":true,"href":"https:\/\/hvacwiki.pl\/index.php?rest_route=\/wp\/v2\/pages\/33"}],"wp:attachment":[{"href":"https:\/\/hvacwiki.pl\/index.php?rest_route=%2Fwp%2Fv2%2Fmedia&parent=48"}],"wp:term":[{"taxonomy":"tnm_menu_group","embeddable":true,"href":"https:\/\/hvacwiki.pl\/index.php?rest_route=%2Fwp%2Fv2%2Ftnm_menu_group&post=48"}],"curies":[{"name":"wp","href":"https:\/\/api.w.org\/{rel}","templated":true}]}}