{"id":8,"date":"2026-04-24T17:52:41","date_gmt":"2026-04-24T21:29:52","guid":{"rendered":"http:\/\/hvacwiki.pl\/?page_id=8"},"modified":"2026-04-25T20:55:46","modified_gmt":"2026-04-25T18:55:46","slug":"pomieszczenia-czyste-filtracja-filtry-powietrza","status":"publish","type":"page","link":"https:\/\/hvacwiki.pl\/?page_id=8","title":{"rendered":"4.1.Pomieszczenia czyste \u2013 filtracja, filtry powietrza"},"content":{"rendered":"\n<p>Zanieczyszczenia zewn\u0119trzne poprzez system wentylacji przedostaj\u0105 si\u0119 do pomieszcze\u0144, uniemo\u017cliwiaj\u0105c w ten spos\u00f3b utrzymanie odpowiedniej klasy czysto\u015bci. Dlatego te\u017c nale\u017cy stosowa\u0107 odpowiedni uk\u0142ad filtracji, filtry o odpowiedniej sprawno\u015bci filtracji w zakresie okre\u015blonej wielko\u015bci py\u0142\u00f3w.<\/p>\n\n<script async src=\"https:\/\/pagead2.googlesyndication.com\/pagead\/js\/adsbygoogle.js?client=ca-pub-5849493718209095\"\n     crossorigin=\"anonymous\"><\/script>\n<!-- Numer2 -->\n<ins class=\"adsbygoogle\"\n     style=\"display:inline-block;width:728px;height:90px\"\n     data-ad-client=\"ca-pub-5849493718209095\"\n     data-ad-slot=\"7060393672\"><\/ins>\n<script>\n     (adsbygoogle = window.adsbygoogle || []).push({});\n<\/script>\n\n<p>Wed\u0142ug normy <strong>PN-EN 779:2012<\/strong> (dotycz\u0105cej filtr\u00f3w przeciwpy\u0142owych stosowanych w wentylacji og\u00f3lnej) oraz <strong>PN-EN 1822-1:2009<\/strong> (odnosz\u0105cej si\u0119 do filtr\u00f3w wysokoskutecznych EPA, HEPA i ULPA), filtracja powietrza to proces uzdatniania powietrza polegaj\u0105cy na usuwaniu z niego zanieczyszcze\u0144 sta\u0142ych lub ciek\u0142ych. Filtr jest urz\u0105dzeniem s\u0142u\u017c\u0105cym do oddzielania cz\u0105stek sta\u0142ych lub ciek\u0142ych ze strumienia powietrza. G\u0142\u00f3wnym elementem tego urz\u0105dzenia jest najcz\u0119\u015bciej cz\u0119\u015b\u0107 w\u0142\u00f3knista, porowata warstwa lub zesp\u00f3\u0142 warstw zwany materia\u0142em filtracyjnym. Materia\u0142, przez kt\u00f3ry przep\u0142ywa powietrze podlegaj\u0105ce procesowi oczyszczania, jest zamocowany w ramie zgodnie z jego konstrukcj\u0105. Filtr oczyszcza powietrze poprzez zatrzymanie cz\u0105stek na powierzchni i wewn\u0105trz warstwy materia\u0142u filtracyjnego.<\/p>\n\n\n\n<p>Materia\u0142y stosowane jako medium filtracyjne obejmuj\u0105 w\u0142\u00f3kniny, tkaniny, papiery, bibu\u0142y i maty. Filtry powietrza opisuje si\u0119 przez podanie charakterystyk w postaci wykres\u00f3w lub tabel. Charakterystyki zawieraj\u0105 dane dotycz\u0105ce podstawowych w\u0142a\u015bciwo\u015bci filtracyjnych i przep\u0142ywowych. Podstawowymi parametrami u\u017cywanymi do oceny procesu filtracji powietrza s\u0105:<\/p>\n\n\n\n<ul class=\"wp-block-list\">\n<li>Skuteczno\u015b\u0107 filtracji (lub wsp\u00f3\u0142czynnik przeskoku):\n<ul class=\"wp-block-list\">\n<li>Ca\u0142kowita,<\/li>\n\n\n\n<li>Przedzia\u0142owa (frakcyjna),<\/li>\n<\/ul>\n<\/li>\n\n\n\n<li>Strata ci\u015bnienia podczas przep\u0142ywu powietrza,<\/li>\n\n\n\n<li>Pojemno\u015b\u0107 py\u0142owa filtru.<\/li>\n<\/ul>\n\n\n\n<p>Pozosta\u0142ymi parametrami, jakie nale\u017cy bra\u0107 pod uwag\u0119, s\u0105:<\/p>\n\n\n\n<ul class=\"wp-block-list\">\n<li>Zalecany spadek ci\u015bnienia ko\u0144cowego (czyli spadek ci\u015bnienia przy kt\u00f3rym zaleca si\u0119 wymian\u0119 lub oczyszczanie filtru),<\/li>\n\n\n\n<li>Wymiary filtra,<\/li>\n\n\n\n<li>Maksymalne pr\u0119dko\u015bci przep\u0142ywu powietrza przez filtr,<\/li>\n\n\n\n<li>Powierzchnia filtruj\u0105ca.<\/li>\n<\/ul>\n\n\n\n<p>Na rysunku poni\u017cej pokazano przyk\u0142ad charakterystyki filtr\u00f3w absolutnych jednego z wiod\u0105cych producent\u00f3w.<\/p>\n\n\n\n<figure class=\"wp-block-image\"><img decoding=\"async\" src=\"https:\/\/www.sandes.pl\/wp-content\/uploads\/2025\/01\/filtry_Hepa_charakterystyki.jpg\" alt=\"filtry Hepa charakterystyki przep\u0142ywowe\" class=\"wp-image-230\"\/><\/figure>\n\n\n\n<p>Z nomogramu mo\u017cna odczyta\u0107 pocz\u0105tkowy spadek ci\u015bnienia w zale\u017cno\u015bci od pr\u0119dko\u015bci przep\u0142ywu oczyszczanego powietrza przez filtr. Kropkami zosta\u0142y oznaczone punkty okre\u015blaj\u0105ce spadek ci\u015bnienia przy nominalnej pr\u0119dko\u015bci przep\u0142ywu powietrza.<\/p>\n\n\n\n<p>Norma <strong>PN-EN 1822-1:2009<\/strong> klasyfikuje filtry powietrza w trzech grupach: EPA (E10\u2013E12), HEPA (H13\u2013H14) i ULPA (U15\u2013U17), zgodnie z ich zdolno\u015bci\u0105 do zatrzymywania cz\u0105stek najbardziej penetruj\u0105cych (MPPS). Skuteczno\u015b\u0107 filtracji okre\u015blona jest jako stosunek ilo\u015bci zanieczyszcze\u0144 zatrzymanych przez filtr do ilo\u015bci doprowadzonej do filtra. Normy te stosuj\u0105 klasyfikacj\u0119 opart\u0105 na testach aerozolu DEHS lub DOP, odpowiednio dla cz\u0105stek w zakresie MPPS (0,15\u20130,3 \u00b5m).<\/p>\n\n\n\n<p>W instalacjach wentylacyjnych czystych pomieszcze\u0144 najcz\u0119\u015bciej stosuje si\u0119 trzy stopnie filtracji powietrza:<\/p>\n\n\n\n<ol start=\"1\" class=\"wp-block-list\">\n<li>Filtry wst\u0119pne, np. klasy G4, M5, M6 (wg PN-EN 779:2012), kt\u00f3re chroni\u0105 wymienniki ciep\u0142a w centrali przed zanieczyszczeniami zgrubnymi, np. li\u015bcie, owady czy gruby py\u0142.<\/li>\n\n\n\n<li>Filtry dok\u0142adne, np. klasy F7\u2013F9, stosowane jako drugi stopie\u0144 filtracji w celu ochrony urz\u0105dze\u0144 nawil\u017caj\u0105cych powietrze.<\/li>\n\n\n\n<li>Filtry absolutne, np. klasy E10-E12, H13-H14 lub U15-U17, instalowane w nawiewnikach w celu osi\u0105gni\u0119cia najwy\u017cszej klasy czysto\u015bci powietrza.<\/li>\n<\/ol>\n\n\n\n<p>Rozporz\u0105dzenie Ministra Infrastruktury z dnia 12 kwietnia 2002 r. okre\u015bla, \u017ce:<\/p>\n\n\n\n<ul class=\"wp-block-list\">\n<li>Nagrzewnice, ch\u0142odnice i urz\u0105dzenia do odzysku ciep\u0142a powinny by\u0107 chronione filtrami klasy co najmniej G4.<\/li>\n\n\n\n<li>Urz\u0105dzenia nawil\u017caj\u0105ce powietrze powinny by\u0107 chronione filtrami klasy co najmniej F6.<\/li>\n<\/ul>\n\n\n\n<p>Podczas projektowania system\u00f3w wentylacyjnych istotny jest odpowiedni dob\u00f3r liczby i klasy filtr\u00f3w. Nadmierne zwi\u0119kszenie klasy filtra mo\u017ce prowadzi\u0107 do wzrostu opor\u00f3w przep\u0142ywu powietrza, co skutkuje zwi\u0119kszonym zapotrzebowaniem na moc wentylatora i wy\u017cszymi kosztami eksploatacyjnymi. Dlatego filtracja powietrza powinna by\u0107 zoptymalizowana w zale\u017cno\u015bci od specyficznych wymaga\u0144 czysto\u015bci powietrza w danym obiekcie.<\/p>\n\n\n\n<p>Opracowuj\u0105c projekty dla pomieszcze\u0144 czystych (pomieszczenia czystego) nale\u017cy przeprowadzi\u0107 dok\u0142adn\u0105 analiz\u0119 odno\u015bnie stopni filtracji. Zbyt wysoka klasa filtracji b\u0119dzie powodowa\u0142a wysokie koszty eksploatacji pomieszcze\u0144 czystych, natomiast zbyt niska b\u0119dzie przyczyn\u0105 niedotrzymania klasy czysto\u015bci powietrza w pomieszczeniu czystym. Z powy\u017cszych powod\u00f3w zlecaj\u0105c projekty pomieszcze\u0144 czystych nale\u017cy korzysta\u0107 z projektant\u00f3w z do\u015bwiadczeniem w zakresie projektowania pomieszcze\u0144 czystych (clean rooms).<\/p>\n","protected":false},"excerpt":{"rendered":"<p>Zanieczyszczenia zewn\u0119trzne poprzez system wentylacji przedostaj\u0105 si\u0119 do pomieszcze\u0144, uniemo\u017cliwiaj\u0105c w ten spos\u00f3b utrzymanie odpowiedniej klasy czysto\u015bci. Dlatego te\u017c nale\u017cy stosowa\u0107 odpowiedni uk\u0142ad filtracji, filtry o odpowiedniej sprawno\u015bci filtracji w zakresie okre\u015blonej wielko\u015bci py\u0142\u00f3w. Wed\u0142ug normy PN-EN 779:2012 (dotycz\u0105cej filtr\u00f3w przeciwpy\u0142owych stosowanych w wentylacji og\u00f3lnej) oraz PN-EN 1822-1:2009 (odnosz\u0105cej si\u0119 do filtr\u00f3w wysokoskutecznych EPA, HEPA &#8230; <a title=\"4.1.Pomieszczenia czyste \u2013 filtracja, filtry powietrza\" class=\"read-more\" href=\"https:\/\/hvacwiki.pl\/?page_id=8\" aria-label=\"Dowiedz si\u0119 wi\u0119cej o 4.1.Pomieszczenia czyste \u2013 filtracja, filtry powietrza\">Dowiedz si\u0119 wi\u0119cej<\/a><\/p>\n","protected":false},"author":1,"featured_media":0,"parent":33,"menu_order":5,"comment_status":"closed","ping_status":"closed","template":"","meta":{"footnotes":""},"tnm_menu_group":[9],"class_list":["post-8","page","type-page","status-publish"],"_links":{"self":[{"href":"https:\/\/hvacwiki.pl\/index.php?rest_route=\/wp\/v2\/pages\/8","targetHints":{"allow":["GET"]}}],"collection":[{"href":"https:\/\/hvacwiki.pl\/index.php?rest_route=\/wp\/v2\/pages"}],"about":[{"href":"https:\/\/hvacwiki.pl\/index.php?rest_route=\/wp\/v2\/types\/page"}],"author":[{"embeddable":true,"href":"https:\/\/hvacwiki.pl\/index.php?rest_route=\/wp\/v2\/users\/1"}],"replies":[{"embeddable":true,"href":"https:\/\/hvacwiki.pl\/index.php?rest_route=%2Fwp%2Fv2%2Fcomments&post=8"}],"version-history":[{"count":3,"href":"https:\/\/hvacwiki.pl\/index.php?rest_route=\/wp\/v2\/pages\/8\/revisions"}],"predecessor-version":[{"id":59,"href":"https:\/\/hvacwiki.pl\/index.php?rest_route=\/wp\/v2\/pages\/8\/revisions\/59"}],"up":[{"embeddable":true,"href":"https:\/\/hvacwiki.pl\/index.php?rest_route=\/wp\/v2\/pages\/33"}],"wp:attachment":[{"href":"https:\/\/hvacwiki.pl\/index.php?rest_route=%2Fwp%2Fv2%2Fmedia&parent=8"}],"wp:term":[{"taxonomy":"tnm_menu_group","embeddable":true,"href":"https:\/\/hvacwiki.pl\/index.php?rest_route=%2Fwp%2Fv2%2Ftnm_menu_group&post=8"}],"curies":[{"name":"wp","href":"https:\/\/api.w.org\/{rel}","templated":true}]}}